{"id":5918,"date":"2025-06-03T10:34:00","date_gmt":"2025-06-03T08:34:00","guid":{"rendered":"https:\/\/dp.nl\/reach\/"},"modified":"2025-06-03T10:39:25","modified_gmt":"2025-06-03T08:39:25","slug":"reach","status":"publish","type":"page","link":"https:\/\/dp.nl\/en\/reach\/","title":{"rendered":"Reach"},"content":{"rendered":"<p><div class=\"fusion-fullwidth fullwidth-box fusion-builder-row-1 fusion-flex-container has-pattern-background has-mask-background nonhundred-percent-fullwidth non-hundred-percent-height-scrolling\" style=\"--link_hover_color: var(--awb-color5);--link_color: var(--awb-color5);--awb-border-radius-top-left:0px;--awb-border-radius-top-right:0px;--awb-border-radius-bottom-right:0px;--awb-border-radius-bottom-left:0px;--awb-padding-right:0px;--awb-padding-left:0px;--awb-margin-bottom:0px;--awb-margin-top-medium:0px;--awb-margin-top-small:0px;--awb-flex-wrap:wrap;\" ><div class=\"fusion-builder-row fusion-row fusion-flex-align-items-flex-start fusion-flex-content-wrap\" style=\"max-width:1185.6px;margin-left: calc(-4% \/ 2 );margin-right: calc(-4% \/ 2 );\"><div class=\"fusion-layout-column fusion_builder_column fusion-builder-column-0 fusion_builder_column_3_5 3_5 fusion-flex-column\" style=\"--awb-padding-top:30px;--awb-padding-right:30px;--awb-padding-bottom:30px;--awb-padding-left:-30px;--awb-padding-left-medium:30px;--awb-padding-left-small:30px;--awb-overflow:hidden;--awb-bg-color:var(--awb-color1);--awb-bg-color-hover:var(--awb-color1);--awb-bg-size:cover;--awb-border-radius:10px 10px 0px 0px;--awb-width-large:60%;--awb-margin-top-large:0px;--awb-spacing-right-large:3.2%;--awb-margin-bottom-large:0px;--awb-spacing-left-large:-4.8%;--awb-width-medium:66.666666666667%;--awb-order-medium:0;--awb-margin-top-medium:-5%;--awb-spacing-right-medium:2.88%;--awb-spacing-left-medium:-4.32%;--awb-width-small:80%;--awb-order-small:0;--awb-margin-top-small:-4%;--awb-spacing-right-small:2.4%;--awb-spacing-left-small:-3.6%;\" data-scroll-devices=\"small-visibility,medium-visibility,large-visibility\"><div class=\"fusion-column-wrapper fusion-column-has-shadow fusion-flex-justify-content-flex-start fusion-content-layout-column\"><div class=\"fusion-separator fusion-full-width-sep\" style=\"align-self: center;margin-left: auto;margin-right: auto;margin-top:30px;width:100%;\"><\/div><div class=\"fusion-title title fusion-title-1 fusion-sep-none fusion-title-text fusion-title-size-one\" style=\"--awb-margin-left:7%;--awb-margin-top-small:0px;--awb-margin-right-small:0px;--awb-margin-bottom-small:10px;--awb-margin-left-small:7%;--awb-margin-left-medium:7%;\"><h1 class=\"fusion-title-heading title-heading-left fusion-responsive-typography-calculated\" style=\"margin:0;--fontSize:41;line-height:1.0;\">Reach<\/h1><\/div><\/div><\/div><div class=\"fusion-layout-column fusion_builder_column fusion-builder-column-1 fusion_builder_column_1_3 1_3 fusion-flex-column\" style=\"--awb-bg-size:cover;--awb-width-large:33.333333333333%;--awb-margin-top-large:-12%;--awb-spacing-right-large:5.76%;--awb-margin-bottom-large:20px;--awb-spacing-left-large:5.76%;--awb-width-medium:33.333333333333%;--awb-order-medium:0;--awb-margin-top-medium:-5%;--awb-spacing-right-medium:5.76%;--awb-spacing-left-medium:5.76%;--awb-width-small:100%;--awb-order-small:0;--awb-spacing-right-small:1.92%;--awb-spacing-left-small:1.92%;\" data-scroll-devices=\"small-visibility,medium-visibility,large-visibility\"><div class=\"fusion-column-wrapper fusion-column-has-shadow fusion-flex-justify-content-flex-start fusion-content-layout-column\"><\/div><\/div><\/div><\/div><div class=\"fusion-fullwidth fullwidth-box fusion-builder-row-2 fusion-flex-container has-pattern-background has-mask-background nonhundred-percent-fullwidth non-hundred-percent-height-scrolling\" style=\"--awb-border-radius-top-left:0px;--awb-border-radius-top-right:0px;--awb-border-radius-bottom-right:0px;--awb-border-radius-bottom-left:0px;--awb-margin-top:60px;--awb-flex-wrap:wrap;\" ><div class=\"fusion-builder-row fusion-row fusion-flex-align-items-flex-start fusion-flex-content-wrap\" style=\"max-width:1185.6px;margin-left: calc(-4% \/ 2 );margin-right: calc(-4% \/ 2 );\"><div class=\"fusion-layout-column fusion_builder_column fusion-builder-column-2 fusion_builder_column_1_2 1_2 fusion-flex-column\" style=\"--awb-bg-size:cover;--awb-width-large:50%;--awb-margin-top-large:0px;--awb-spacing-right-large:3.84%;--awb-margin-bottom-large:20px;--awb-spacing-left-large:3.84%;--awb-width-medium:100%;--awb-order-medium:0;--awb-spacing-right-medium:1.92%;--awb-spacing-left-medium:1.92%;--awb-width-small:100%;--awb-order-small:0;--awb-spacing-right-small:1.92%;--awb-spacing-left-small:1.92%;\"><div class=\"fusion-column-wrapper fusion-column-has-shadow fusion-flex-justify-content-flex-start fusion-content-layout-column\"><div class=\"fusion-text fusion-text-1\"><p><b data-redactor-tag=\"b\">REACH (EN)<\/b><\/p>\n<p>The European Chemicals Regulation (EC) No. 1907\/2006 (REACH) serves as registration, evaluation and authorization of chemical substances. It became effective on June 1, 2007 and is aimed to improve the European market participants&#8217; understanding and knowledge of the risks as regards 30,000 substances currently used in all industries. The substances imposing the highest risk will be progressively eliminated or subject to specific authorization of use as a consequence. Regarding this goal, the Regulation governs the methods for exchanging information on substances throughout the supply chain, regardless whether they are isolated or contained in a preparation, in articles or the products themselves.<\/p>\n<p><b data-redactor-tag=\"b\">Information regarding article 33 REACH<\/b><\/p>\n<p>If products contain substances of very high concern (SVHC) registered in the candidate list above 0.1% w\/w, manufacturers shall inform their customers.<\/p>\n<p>In addition lead metal has been added to the candidate list with reference to its classification as toxic for reproduction (Repro 1A, H360DF) on 27 June 2018. Currently there is no ban on using lead based on the SVHC candidate list! Due to the fact we partly use lead-containing materials in the manufacturing of products, we hereby inform you which of our products may be affected (depending on the selected material variant):<\/p>\n<p><b data-redactor-tag=\"b\">Drukverhogers\/Druckerh\u00f6hungsanlagen\/Pressure boosters<\/b><\/p>\n<ul>\n<li>Hydro Unit Premium Line<\/li>\n<\/ul>\n<ul>\n<li>Hydro Unit Utility Line<\/li>\n<\/ul>\n<ul>\n<li>FU (brand installatie \/ Feuer l\u00f6sch Anlage \/ fire unit)<\/li>\n<\/ul>\n<p><b data-redactor-tag=\"b\">Breakunits\/Trennstation\/Breakunits<\/b><\/p>\n<ul>\n<li>HUV (verbreekinstallatie \/ Trennstation \/ break unit)<\/li>\n<\/ul>\n<p><b data-redactor-tag=\"b\">RW\/VW pompenerpomp\/Entw\u00e4sserungspumpen\/Schmutzwasserpumpen\/Drainage pumps\/waste water pumps<\/b><\/p>\n<ul>\n<li>DVV 7-10<\/li>\n<\/ul>\n<ul>\n<li>DVV 3-4<\/li>\n<\/ul>\n<ul>\n<li>DRV 6-8, DRS 3<\/li>\n<\/ul>\n<ul>\n<li>DRV 9-24, DRS 4-6, DRSK<\/li>\n<\/ul>\n<p><b data-redactor-tag=\"b\">Vuilwaterinstallaties\/Hebeanlagen\/Pumpensch\u00e4chte\/Lifting units\/package pump stations<\/b><\/p>\n<ul>\n<li>FekaUnit C<\/li>\n<\/ul>\n<ul>\n<li>VUN<i data-redactor-tag=\"i\"><\/i><\/li>\n<\/ul>\n<ul>\n<li>RW\/VW installaties \/ Hebeanlagen\/Pumpensch\u00e4chte\/Lifting units \/ package pump stations<\/li>\n<\/ul>\n<p><b data-redactor-tag=\"b\">Verticale meertrapspompen\/Vertikale mehrstufige Hochdruckpumpen\/Multi-stage vertical high-pressure pumps<\/b><\/p>\n<ul>\n<li>DPV(S\/M)(F\/E\/V\/T)<i data-redactor-tag=\"i\"><\/i><\/li>\n<\/ul>\n<ul>\n<li>DPV(C)I<\/li>\n<\/ul>\n<ul>\n<li>DPLHS6<\/li>\n<\/ul>\n<p><b data-redactor-tag=\"b\">Horizontale meertrapspompen\/Horizontale mehrstufige Hochdruckpumpen\/Multi-stage horizontal high-pressure pumps<\/b><\/p>\n<ul>\n<li>DPV(S\/M)(F\/E\/V\/T)<i data-redactor-tag=\"i\"><\/i><\/li>\n<\/ul>\n<ul>\n<li>DPHM(C)<\/li>\n<\/ul>\n<ul>\n<li>DPH(S)I<i data-redactor-tag=\"i\"><\/i><\/li>\n<\/ul>\n<p><b data-redactor-tag=\"b\">Frequentieregelaars\/Pumpenantrieb, Drehzahlregelung und \u00dcberwachung\/Drive, variable speed system and monitoring<\/b><\/p>\n<ul>\n<li>DPvar(+)<\/li>\n<\/ul>\n<p><b data-redactor-tag=\"b\">Schakelkasten\/Steuerger\u00e4te\/Control units<\/b><\/p>\n<ul>\n<li>DP Levelcontrol<\/li>\n<\/ul>\n<\/div><\/div><\/div><div class=\"fusion-layout-column fusion_builder_column fusion-builder-column-3 fusion_builder_column_1_2 1_2 fusion-flex-column\" style=\"--awb-bg-size:cover;--awb-width-large:50%;--awb-margin-top-large:0px;--awb-spacing-right-large:3.84%;--awb-margin-bottom-large:20px;--awb-spacing-left-large:3.84%;--awb-width-medium:100%;--awb-order-medium:0;--awb-spacing-right-medium:1.92%;--awb-spacing-left-medium:1.92%;--awb-width-small:100%;--awb-order-small:0;--awb-spacing-right-small:1.92%;--awb-spacing-left-small:1.92%;\"><div class=\"fusion-column-wrapper fusion-column-has-shadow fusion-flex-justify-content-flex-start fusion-content-layout-column\"><div class=\"fusion-text fusion-text-2\"><p><b data-redactor-tag=\"b\">REACH (DE)<\/b><\/p>\n<p>Die europ\u00e4ische Chemikalienverordnung (EG) Nr. 1907\/2006 (REACH) dient zur Registrierung, Bewertung und Zulassung von chemischen Stoffen. Sie trat am 1. Juni 2007 in Kraft und hat zum Ziel, mehr \u00fcber die Risiken der 30.000 chemischen Stoffe herauszufinden, die gegenw\u00e4rtig in allen Branchen auf dem europ\u00e4ischen Markt verwendet werden. Stoffe, die in Verbindung mit sehr hohen Risiken stehen, sollen somit nach und nach vom Markt verschwinden oder einer besonderen Zulassung unterworfen werden. Mit diesem Ziel regelt REACH verpflichtend den Austausch von Informationen zu chemischen Stoffen innerhalb der Lieferkette, unabh\u00e4ngig davon ob diese Stoffe isoliert, in einer Zubereitung, einem Artikel oder in einem Erzeugnis enthalten sind.<\/p>\n<p><b data-redactor-tag=\"b\">Information gem\u00e4\u00df Artikel 33 REACH<\/b><\/p>\n<p>Sind in Erzeugnissen sogenannte besonders besorgniserregende Stoffe (SVHC) der Kandidatenliste \u00fcber einem Anteil von 0,1 Gew.-% enthalten, sind Hersteller dazu verpflichtet, ihre Kunden diesbez\u00fcglich zu informieren.<\/p>\n<p>Am 27. Juni 2018 wurde nun Bleimetall auf Basis der Einstufung als reproduktionstoxisch (Repro 1A, H360DF) in die Kandidatenliste aufgenommen. Aktuell besteht f\u00fcr Blei auf der SVHC-Kandidatenliste kein Verwendungsverbot. Da wir zum Teil bleihaltige Materialien bei der Herstellung von Erzeugnissen verarbeiten, informieren wir Sie hiermit, welche unserer Baureihen davon betroffen sein k\u00f6nnen (abh\u00e4ngig von der ausgew\u00e4hlten Werkstoffvariante):<\/p>\n<\/div><\/div><\/div><div class=\"fusion-layout-column fusion_builder_column fusion-builder-column-4 fusion_builder_column_1_1 1_1 fusion-flex-column\" style=\"--awb-bg-size:cover;--awb-width-large:100%;--awb-margin-top-large:0px;--awb-spacing-right-large:1.92%;--awb-margin-bottom-large:20px;--awb-spacing-left-large:1.92%;--awb-width-medium:100%;--awb-order-medium:0;--awb-spacing-right-medium:1.92%;--awb-spacing-left-medium:1.92%;--awb-width-small:100%;--awb-order-small:0;--awb-spacing-right-small:1.92%;--awb-spacing-left-small:1.92%;\"><div class=\"fusion-column-wrapper fusion-column-has-shadow fusion-flex-justify-content-flex-start fusion-content-layout-column\"><div class=\"fusion-separator fusion-full-width-sep\" style=\"align-self: center;margin-left: auto;margin-right: auto;margin-top:20px;width:100%;\"><\/div><\/div><\/div><\/div><\/div><\/p>\n","protected":false},"excerpt":{"rendered":"","protected":false},"author":6,"featured_media":0,"parent":0,"menu_order":0,"comment_status":"closed","ping_status":"open","template":"","meta":{"_acf_changed":false,"footnotes":""},"class_list":["post-5918","page","type-page","status-publish","hentry"],"acf":[],"_links":{"self":[{"href":"https:\/\/dp.nl\/en\/wp-json\/wp\/v2\/pages\/5918","targetHints":{"allow":["GET"]}}],"collection":[{"href":"https:\/\/dp.nl\/en\/wp-json\/wp\/v2\/pages"}],"about":[{"href":"https:\/\/dp.nl\/en\/wp-json\/wp\/v2\/types\/page"}],"author":[{"embeddable":true,"href":"https:\/\/dp.nl\/en\/wp-json\/wp\/v2\/users\/6"}],"replies":[{"embeddable":true,"href":"https:\/\/dp.nl\/en\/wp-json\/wp\/v2\/comments?post=5918"}],"version-history":[{"count":1,"href":"https:\/\/dp.nl\/en\/wp-json\/wp\/v2\/pages\/5918\/revisions"}],"predecessor-version":[{"id":5920,"href":"https:\/\/dp.nl\/en\/wp-json\/wp\/v2\/pages\/5918\/revisions\/5920"}],"wp:attachment":[{"href":"https:\/\/dp.nl\/en\/wp-json\/wp\/v2\/media?parent=5918"}],"curies":[{"name":"wp","href":"https:\/\/api.w.org\/{rel}","templated":true}]}}