{"id":5921,"date":"2025-06-03T11:02:54","date_gmt":"2025-06-03T09:02:54","guid":{"rendered":"https:\/\/dp.nl\/?page_id=5921"},"modified":"2025-06-03T11:02:54","modified_gmt":"2025-06-03T09:02:54","slug":"certificates-of-decontamination","status":"publish","type":"page","link":"https:\/\/dp.nl\/en\/certificates-of-decontamination\/","title":{"rendered":"Certificates of decontamination"},"content":{"rendered":"<p><div class=\"fusion-fullwidth fullwidth-box fusion-builder-row-1 fusion-flex-container has-pattern-background has-mask-background nonhundred-percent-fullwidth non-hundred-percent-height-scrolling\" style=\"--link_hover_color: var(--awb-color5);--link_color: var(--awb-color5);--awb-border-radius-top-left:0px;--awb-border-radius-top-right:0px;--awb-border-radius-bottom-right:0px;--awb-border-radius-bottom-left:0px;--awb-padding-right:0px;--awb-padding-left:0px;--awb-margin-bottom:0px;--awb-margin-top-medium:0px;--awb-margin-top-small:0px;--awb-flex-wrap:wrap;\" ><div class=\"fusion-builder-row fusion-row fusion-flex-align-items-flex-start fusion-flex-content-wrap\" style=\"max-width:1185.6px;margin-left: calc(-4% \/ 2 );margin-right: calc(-4% \/ 2 );\"><div class=\"fusion-layout-column fusion_builder_column fusion-builder-column-0 fusion_builder_column_3_5 3_5 fusion-flex-column\" style=\"--awb-padding-top:30px;--awb-padding-right:30px;--awb-padding-bottom:30px;--awb-padding-left:-30px;--awb-padding-left-medium:30px;--awb-padding-left-small:30px;--awb-overflow:hidden;--awb-bg-color:var(--awb-color1);--awb-bg-color-hover:var(--awb-color1);--awb-bg-size:cover;--awb-border-radius:10px 10px 0px 0px;--awb-width-large:60%;--awb-margin-top-large:0px;--awb-spacing-right-large:3.2%;--awb-margin-bottom-large:0px;--awb-spacing-left-large:-4.8%;--awb-width-medium:66.666666666667%;--awb-order-medium:0;--awb-margin-top-medium:-5%;--awb-spacing-right-medium:2.88%;--awb-spacing-left-medium:-4.32%;--awb-width-small:80%;--awb-order-small:0;--awb-margin-top-small:-4%;--awb-spacing-right-small:2.4%;--awb-spacing-left-small:-3.6%;\" data-scroll-devices=\"small-visibility,medium-visibility,large-visibility\"><div class=\"fusion-column-wrapper fusion-column-has-shadow fusion-flex-justify-content-flex-start fusion-content-layout-column\"><div class=\"fusion-separator fusion-full-width-sep\" style=\"align-self: center;margin-left: auto;margin-right: auto;margin-top:30px;width:100%;\"><\/div><div class=\"fusion-title title fusion-title-1 fusion-sep-none fusion-title-text fusion-title-size-one\" style=\"--awb-margin-left:7%;--awb-margin-top-small:0px;--awb-margin-right-small:0px;--awb-margin-bottom-small:10px;--awb-margin-left-small:7%;--awb-margin-left-medium:7%;\"><h1 class=\"fusion-title-heading title-heading-left fusion-responsive-typography-calculated\" style=\"margin:0;--fontSize:41;line-height:1.0;\">Certificates of decontamination<\/h1><\/div><\/div><\/div><div class=\"fusion-layout-column fusion_builder_column fusion-builder-column-1 fusion_builder_column_1_3 1_3 fusion-flex-column\" style=\"--awb-bg-size:cover;--awb-width-large:33.333333333333%;--awb-margin-top-large:-12%;--awb-spacing-right-large:5.76%;--awb-margin-bottom-large:20px;--awb-spacing-left-large:5.76%;--awb-width-medium:33.333333333333%;--awb-order-medium:0;--awb-margin-top-medium:-5%;--awb-spacing-right-medium:5.76%;--awb-spacing-left-medium:5.76%;--awb-width-small:100%;--awb-order-small:0;--awb-spacing-right-small:1.92%;--awb-spacing-left-small:1.92%;\" data-scroll-devices=\"small-visibility,medium-visibility,large-visibility\"><div class=\"fusion-column-wrapper fusion-column-has-shadow fusion-flex-justify-content-flex-start fusion-content-layout-column\"><\/div><\/div><\/div><\/div><div class=\"fusion-fullwidth fullwidth-box fusion-builder-row-2 fusion-flex-container has-pattern-background has-mask-background nonhundred-percent-fullwidth non-hundred-percent-height-scrolling\" style=\"--awb-border-radius-top-left:0px;--awb-border-radius-top-right:0px;--awb-border-radius-bottom-right:0px;--awb-border-radius-bottom-left:0px;--awb-margin-top:60px;--awb-flex-wrap:wrap;\" ><div class=\"fusion-builder-row fusion-row fusion-flex-align-items-flex-start fusion-flex-content-wrap\" style=\"max-width:1185.6px;margin-left: calc(-4% \/ 2 );margin-right: calc(-4% \/ 2 );\"><div class=\"fusion-layout-column fusion_builder_column fusion-builder-column-2 fusion_builder_column_1_2 1_2 fusion-flex-column\" style=\"--awb-bg-size:cover;--awb-width-large:50%;--awb-margin-top-large:0px;--awb-spacing-right-large:3.84%;--awb-margin-bottom-large:20px;--awb-spacing-left-large:3.84%;--awb-width-medium:100%;--awb-order-medium:0;--awb-spacing-right-medium:1.92%;--awb-spacing-left-medium:1.92%;--awb-width-small:100%;--awb-order-small:0;--awb-spacing-right-small:1.92%;--awb-spacing-left-small:1.92%;\"><div class=\"fusion-column-wrapper fusion-column-has-shadow fusion-flex-justify-content-flex-start fusion-content-layout-column\"><div class=\"fusion-text fusion-text-1\"><h4>NL<\/h4>\n<p>Een decontaminatieverklaring is een verklaring van de klant, in geval van een retourzending, dat het product volgens de voorschriften is afgetapt zodat de onderdelen die in contact zijn gekomen met verpompte media geen gevaar meer vormen voor het milieu en de gezondheid.We vragen u deze ingevulde verklaring altijd mee te sturen wanneer een pomp aan ons retour wordt gezonden voor inspectie.<\/p>\n<p><a href=\"https:\/\/dp.nl\/wp-content\/uploads\/2025\/06\/decontaminatieverklaring.pdf\">decontaminatieverklaring<\/a><\/p>\n<h4><\/h4>\n<h4>EN<\/h4>\n<p>A certificate of decontamination is enclosed by the customer when returning the product to the manufacturer to certify that the product has been properly drained to eliminate any environmental and health hazards arising from components in contact with the fluid handled.<\/p>\n<p>Always complete and enclose a certificate of decontamination when returning the product<\/p>\n<p><a href=\"https:\/\/dp.nl\/wp-content\/uploads\/2025\/06\/certificate-of-decontamination.pdf\">certificate of decontamination<\/a><\/p>\n<h4>DE<\/h4>\n<p>Eine Unbedenklichkeitserkl\u00e4rung ist eine Erkl\u00e4rung des Kunden im Falle einer R\u00fccksendung an den Hersteller, dass das Produkt ordnungsgem\u00e4\u00df entleert wurde, so dass von f\u00f6rdermediumsber\u00fchrten Teilen keine Gefahr f\u00fcr Umwelt und Gesundheit mehr ausgeht<\/p>\n<p>Jeder R\u00fccksendung an den Hersteller muss immer eine vollst\u00e4ndig ausgef\u00fcllte Unbedenklichkeitserkl\u00e4rung beigef\u00fcgt werden.<\/p>\n<h4>FR<\/h4>\n<p>Lorsque le client est oblig\u00e9 de retourner le produit au constructeur, il d\u00e9clare avec la d\u00e9claration de non-nocivit\u00e9 que le produit a \u00e9t\u00e9 vidang\u00e9 correctement et que les composants qui ont \u00e9t\u00e9 en contact avec le fluide pomp\u00e9 ne repr\u00e9sentent plus de danger pour la sant\u00e9 et l&#8217;environnement.<\/p>\n<p>Le produit doit toujours \u00eatre accompagn\u00e9 d&#8217;une d\u00e9claration de non-nocivit\u00e9 enti\u00e8rement remplie.<\/p>\n<\/div><\/div><\/div><div class=\"fusion-layout-column fusion_builder_column fusion-builder-column-3 fusion_builder_column_1_2 1_2 fusion-flex-column\" style=\"--awb-bg-size:cover;--awb-width-large:50%;--awb-margin-top-large:0px;--awb-spacing-right-large:3.84%;--awb-margin-bottom-large:20px;--awb-spacing-left-large:3.84%;--awb-width-medium:100%;--awb-order-medium:0;--awb-spacing-right-medium:1.92%;--awb-spacing-left-medium:1.92%;--awb-width-small:100%;--awb-order-small:0;--awb-spacing-right-small:1.92%;--awb-spacing-left-small:1.92%;\"><div class=\"fusion-column-wrapper fusion-column-has-shadow fusion-flex-justify-content-flex-start fusion-content-layout-column\"><\/div><\/div><div class=\"fusion-layout-column fusion_builder_column fusion-builder-column-4 fusion_builder_column_1_1 1_1 fusion-flex-column\" style=\"--awb-bg-size:cover;--awb-width-large:100%;--awb-margin-top-large:0px;--awb-spacing-right-large:1.92%;--awb-margin-bottom-large:20px;--awb-spacing-left-large:1.92%;--awb-width-medium:100%;--awb-order-medium:0;--awb-spacing-right-medium:1.92%;--awb-spacing-left-medium:1.92%;--awb-width-small:100%;--awb-order-small:0;--awb-spacing-right-small:1.92%;--awb-spacing-left-small:1.92%;\"><div class=\"fusion-column-wrapper fusion-column-has-shadow fusion-flex-justify-content-flex-start fusion-content-layout-column\"><div class=\"fusion-separator fusion-full-width-sep\" style=\"align-self: center;margin-left: auto;margin-right: auto;margin-top:20px;width:100%;\"><\/div><\/div><\/div><\/div><\/div><\/p>\n","protected":false},"excerpt":{"rendered":"","protected":false},"author":6,"featured_media":0,"parent":0,"menu_order":0,"comment_status":"closed","ping_status":"open","template":"","meta":{"_acf_changed":false,"footnotes":""},"class_list":["post-5921","page","type-page","status-publish","hentry"],"acf":[],"_links":{"self":[{"href":"https:\/\/dp.nl\/en\/wp-json\/wp\/v2\/pages\/5921","targetHints":{"allow":["GET"]}}],"collection":[{"href":"https:\/\/dp.nl\/en\/wp-json\/wp\/v2\/pages"}],"about":[{"href":"https:\/\/dp.nl\/en\/wp-json\/wp\/v2\/types\/page"}],"author":[{"embeddable":true,"href":"https:\/\/dp.nl\/en\/wp-json\/wp\/v2\/users\/6"}],"replies":[{"embeddable":true,"href":"https:\/\/dp.nl\/en\/wp-json\/wp\/v2\/comments?post=5921"}],"version-history":[{"count":1,"href":"https:\/\/dp.nl\/en\/wp-json\/wp\/v2\/pages\/5921\/revisions"}],"predecessor-version":[{"id":5926,"href":"https:\/\/dp.nl\/en\/wp-json\/wp\/v2\/pages\/5921\/revisions\/5926"}],"wp:attachment":[{"href":"https:\/\/dp.nl\/en\/wp-json\/wp\/v2\/media?parent=5921"}],"curies":[{"name":"wp","href":"https:\/\/api.w.org\/{rel}","templated":true}]}}